{"id":907,"date":"2023-02-13T16:50:53","date_gmt":"2023-02-13T21:50:53","guid":{"rendered":"https:\/\/bmscholarstg.wpengine.com\/?page_id=907"},"modified":"2025-08-26T10:44:34","modified_gmt":"2025-08-26T14:44:34","slug":"laureates-et-laureats","status":"publish","type":"page","link":"https:\/\/blackandmcdonaldscholarships.com\/fr\/laureates-et-laureats\/","title":{"rendered":"Laur\u00e9ates et laur\u00e9ats"},"content":{"rendered":"\n<div style=\"height:50px\" aria-hidden=\"true\" class=\"wp-block-spacer\"><\/div>\n\n\n\n<h2 class=\"wp-block-heading\"><a href=\"https:\/\/blackandmcdonaldscholarships.com\/fr\/laureates-et-laureats-des-bourses-detudes-du-centenaire-2025\/\">Laur\u00e9ates et laur\u00e9ats des Bourses d\u2019\u00e9tudes du centenaire\u00a02025<\/a><\/h2>\n\n\n\n<h2 class=\"wp-block-heading\"><a href=\"https:\/\/blackandmcdonaldscholarships.com\/fr\/laureates-et-laureats\/recipiendaires-des-bourses-du-centenaire-2024\/\">Laur\u00e9ates et laur\u00e9ats des Bourses d\u2019\u00e9tudes du centenaire\u00a02024<\/a><\/h2>\n\n\n\n<h2 class=\"wp-block-heading\"><a href=\"https:\/\/blackandmcdonaldscholarships.com\/fr\/laureates-et-laureats\/recipiendaires-des-bourses-du-centenaire-2023\/\">Laur\u00e9ates et laur\u00e9ats des Bourses d\u2019\u00e9tudes du centenaire&nbsp;2023<\/a><\/h2>\n\n\n\n<h2 class=\"wp-block-heading\"><a href=\"https:\/\/blackandmcdonaldscholarships.com\/fr\/laureates-et-laureats\/recipiendaires-des-bourses-du-centenaire-2022\/\">Laur\u00e9ates et laur\u00e9ats des Bourses d\u2019\u00e9tudes du centenaire&nbsp;2022<\/a><\/h2>\n","protected":false},"excerpt":{"rendered":"<p>Laur\u00e9ates et laur\u00e9ats des Bourses d\u2019\u00e9tudes du centenaire\u00a02025 Laur\u00e9ates et laur\u00e9ats des Bourses d\u2019\u00e9tudes du centenaire\u00a02024 Laur\u00e9ates et laur\u00e9ats des Bourses d\u2019\u00e9tudes du centenaire&nbsp;2023 Laur\u00e9ates et laur\u00e9ats des Bourses d\u2019\u00e9tudes du centenaire&nbsp;2022<\/p>\n","protected":false},"author":9,"featured_media":0,"parent":0,"menu_order":4,"comment_status":"closed","ping_status":"closed","template":"","meta":{"inline_featured_image":false,"footnotes":""},"class_list":["post-907","page","type-page","status-publish","hentry"],"_links":{"self":[{"href":"https:\/\/blackandmcdonaldscholarships.com\/fr\/wp-json\/wp\/v2\/pages\/907","targetHints":{"allow":["GET"]}}],"collection":[{"href":"https:\/\/blackandmcdonaldscholarships.com\/fr\/wp-json\/wp\/v2\/pages"}],"about":[{"href":"https:\/\/blackandmcdonaldscholarships.com\/fr\/wp-json\/wp\/v2\/types\/page"}],"author":[{"embeddable":true,"href":"https:\/\/blackandmcdonaldscholarships.com\/fr\/wp-json\/wp\/v2\/users\/9"}],"replies":[{"embeddable":true,"href":"https:\/\/blackandmcdonaldscholarships.com\/fr\/wp-json\/wp\/v2\/comments?post=907"}],"version-history":[{"count":0,"href":"https:\/\/blackandmcdonaldscholarships.com\/fr\/wp-json\/wp\/v2\/pages\/907\/revisions"}],"wp:attachment":[{"href":"https:\/\/blackandmcdonaldscholarships.com\/fr\/wp-json\/wp\/v2\/media?parent=907"}],"curies":[{"name":"wp","href":"https:\/\/api.w.org\/{rel}","templated":true}]}}