{"id":593,"date":"2022-03-27T00:01:00","date_gmt":"2022-03-27T04:01:00","guid":{"rendered":"https:\/\/bmscholarship.wpengine.com\/?page_id=593"},"modified":"2025-04-23T15:47:23","modified_gmt":"2025-04-23T19:47:23","slug":"soumission","status":"publish","type":"page","link":"https:\/\/blackandmcdonaldscholarships.com\/fr\/soumission\/","title":{"rendered":"Soumission"},"content":{"rendered":"\n<div class=\"wp-block-columns alignfull no-padding is-layout-flex wp-container-core-columns-is-layout-9d6595d7 wp-block-columns-is-layout-flex\">\n<div class=\"wp-block-column no-margin is-layout-flow wp-block-column-is-layout-flow\">\n<figure class=\"wp-block-image size-large side-image full-height\"><img loading=\"lazy\" decoding=\"async\" width=\"1024\" height=\"647\" src=\"https:\/\/blackandmcdonaldscholarships.com\/wp-content\/uploads\/\/BM_Scholarship-Images-03-1024x647.jpg\" alt=\"\" class=\"wp-image-637\" srcset=\"https:\/\/blackandmcdonaldscholarships.com\/wp-content\/uploads\/BM_Scholarship-Images-03-1024x647.jpg 1024w, https:\/\/blackandmcdonaldscholarships.com\/wp-content\/uploads\/BM_Scholarship-Images-03-300x189.jpg 300w, https:\/\/blackandmcdonaldscholarships.com\/wp-content\/uploads\/BM_Scholarship-Images-03-768x485.jpg 768w, https:\/\/blackandmcdonaldscholarships.com\/wp-content\/uploads\/BM_Scholarship-Images-03-1536x970.jpg 1536w, https:\/\/blackandmcdonaldscholarships.com\/wp-content\/uploads\/BM_Scholarship-Images-03-1200x758.jpg 1200w, https:\/\/blackandmcdonaldscholarships.com\/wp-content\/uploads\/BM_Scholarship-Images-03.jpg 1900w\" sizes=\"auto, (max-width: 1024px) 100vw, 1024px\" \/><\/figure>\n<\/div>\n\n\n\n<div class=\"wp-block-column no-margin padded-col is-layout-flow wp-block-column-is-layout-flow\">\n<div style=\"height:50px\" aria-hidden=\"true\" class=\"wp-block-spacer\"><\/div>\n\n\n\n<h2 class=\"wp-block-heading\"><strong><strong>Soumission de votre demande<\/strong><\/strong><\/h2>\n\n\n\n<p>Les formulaires de demande en ligne sont en fran\u00e7ais, en anglais et en espagnol. Veuillez choisir l\u2019un des liens ci-dessous pour faire votre demande dans la langue de votre choix.<\/p>\n\n\n\n<div class=\"wp-block-buttons is-layout-flex wp-block-buttons-is-layout-flex\">\n<div class=\"wp-block-button\"><a class=\"wp-block-button__link wp-element-button\" href=\"https:\/\/blackandmcdonaldscholarships.com\/fr\/candidature-en-ligne\/\">Candidature en ligne (fran\u00e7ais)<\/a><\/div>\n<\/div>\n\n\n\n<div style=\"height:10px\" aria-hidden=\"true\" class=\"wp-block-spacer\"><\/div>\n\n\n\n<div class=\"wp-block-buttons is-layout-flex wp-block-buttons-is-layout-flex\">\n<div class=\"wp-block-button\"><a class=\"wp-block-button__link wp-element-button\" href=\"https:\/\/blackandmcdonaldscholarships.com\/es\/aplicaciones-en-linea\/\">Solicitud en l\u00ednea (espa\u00f1ol)<\/a><\/div>\n<\/div>\n\n\n\n<div style=\"height:25px\" aria-hidden=\"true\" class=\"wp-block-spacer\"><\/div>\n\n\n\n<p>Si vous pr\u00e9f\u00e9rez utiliser une version imprim\u00e9e du formulaire de demande, veuillez vous adresser \u00e0 votre partenaire r\u00e9gional des&nbsp;RH.<\/p>\n\n\n\n<div style=\"height:25px\" aria-hidden=\"true\" class=\"wp-block-spacer\"><\/div>\n<\/div>\n<\/div>\n","protected":false},"excerpt":{"rendered":"<p>Soumission de votre demande Les formulaires de demande en ligne sont en fran\u00e7ais, en anglais et en espagnol. Veuillez choisir l\u2019un des liens ci-dessous pour faire votre demande dans la langue de votre choix. Si vous pr\u00e9f\u00e9rez utiliser une version imprim\u00e9e du formulaire de demande, veuillez vous adresser \u00e0 votre partenaire r\u00e9gional des&nbsp;RH.<\/p>\n","protected":false},"author":9,"featured_media":0,"parent":0,"menu_order":3,"comment_status":"closed","ping_status":"closed","template":"","meta":{"inline_featured_image":false,"footnotes":""},"class_list":["post-593","page","type-page","status-publish","hentry"],"_links":{"self":[{"href":"https:\/\/blackandmcdonaldscholarships.com\/fr\/wp-json\/wp\/v2\/pages\/593","targetHints":{"allow":["GET"]}}],"collection":[{"href":"https:\/\/blackandmcdonaldscholarships.com\/fr\/wp-json\/wp\/v2\/pages"}],"about":[{"href":"https:\/\/blackandmcdonaldscholarships.com\/fr\/wp-json\/wp\/v2\/types\/page"}],"author":[{"embeddable":true,"href":"https:\/\/blackandmcdonaldscholarships.com\/fr\/wp-json\/wp\/v2\/users\/9"}],"replies":[{"embeddable":true,"href":"https:\/\/blackandmcdonaldscholarships.com\/fr\/wp-json\/wp\/v2\/comments?post=593"}],"version-history":[{"count":0,"href":"https:\/\/blackandmcdonaldscholarships.com\/fr\/wp-json\/wp\/v2\/pages\/593\/revisions"}],"wp:attachment":[{"href":"https:\/\/blackandmcdonaldscholarships.com\/fr\/wp-json\/wp\/v2\/media?parent=593"}],"curies":[{"name":"wp","href":"https:\/\/api.w.org\/{rel}","templated":true}]}}