{"id":505,"date":"2023-03-27T14:06:23","date_gmt":"2023-03-27T18:06:23","guid":{"rendered":"https:\/\/bmscholarship.wpengine.com\/?page_id=505"},"modified":"2026-04-02T11:50:49","modified_gmt":"2026-04-02T15:50:49","slug":"faqs","status":"publish","type":"page","link":"https:\/\/blackandmcdonaldscholarships.com\/fr\/faqs\/","title":{"rendered":"Foire aux questions"},"content":{"rendered":"\n<div style=\"height:50px\" aria-hidden=\"true\" class=\"wp-block-spacer\"><\/div>\n\n\n\n<h2 class=\"wp-block-heading\"><strong><strong>Comment puis-je pr\u00e9senter une demande de bourse d\u2019\u00e9tudes?<\/strong><\/strong><\/h2>\n\n\n\n<p>Soumettez votre demande en ligne \u00e0 l\u2019adresse <a href=\"https:\/\/blackandmcdonaldscholarships.com\/fr\/candidature-en-ligne\/\">https:\/\/blackandmcdonaldscholarships.com\/fr\/candidature-en-ligne\/<\/a><\/p>\n\n\n\n<div style=\"height:25px\" aria-hidden=\"true\" class=\"wp-block-spacer\"><\/div>\n\n\n\n<h2 class=\"wp-block-heading\"><strong><strong>Quelle est la date limite de pr\u00e9sentation des demandes? <\/strong><\/strong><\/h2>\n\n\n\n<p>La date limite de pr\u00e9sentation des demandes est le 18 mai\u00a02026, \u00e0 23\u00a0h\u00a059 (HNE).<\/p>\n\n\n\n<div style=\"height:25px\" aria-hidden=\"true\" class=\"wp-block-spacer\"><\/div>\n\n\n\n<h2 class=\"wp-block-heading\"><strong><strong>Qui est admissible? <\/strong><\/strong><\/h2>\n\n\n\n<p>La Bourse d\u2019\u00e9tudes du centenaire de Black\u00a0&amp;\u00a0McDonald est accessible \u00e0 toutes les personnes \u00e0 charge des employ\u00e9s salari\u00e9s ou ayant un horaire \u00e0 temps plein. Un employ\u00e9 \u00e0 temps plein est d\u00e9fini comme une personne travaillant g\u00e9n\u00e9ralement 32\u00a0heures ou plus par semaine. Les personnes \u00e0 charge comprennent tout enfant biologique, adopt\u00e9 l\u00e9galement, par alliance ou dont l\u2019employ\u00e9 est le tuteur l\u00e9gal. Pour \u00eatre admissibles, les candidats doivent \u00eatre \u00e2g\u00e9s de 25\u00a0ans ou moins au moment de la date limite de pr\u00e9sentation de leur demande. Le parent ou tuteur l\u00e9gal du candidat doit \u00eatre employ\u00e9 par B&amp;M depuis au moins un an \u00e0 compter du 27 avril\u00a02026. Le parent ou tuteur l\u00e9gal du candidat doit \u00eatre un employ\u00e9 actif de B&amp;M au moment de l\u2019attribution de la bourse. Le parent ou tuteur l\u00e9gal du candidat doit \u00eatre un employ\u00e9 pay\u00e9 directement par B&amp;M.<\/p>\n\n\n\n<div style=\"height:25px\" aria-hidden=\"true\" class=\"wp-block-spacer\"><\/div>\n\n\n\n<h2 class=\"wp-block-heading\"><strong><strong>Pour quel type de programme scolaire la bourse pourra-t-elle \u00eatre utilis\u00e9e? <\/strong><\/strong><\/h2>\n\n\n\n<p>Pour \u00eatre admissibles, les candidats doivent \u00eatre inscrits \u00e0 temps plein dans un programme accr\u00e9dit\u00e9 d\u2019une dur\u00e9e de deux ou quatre ans dans un coll\u00e8ge, une universit\u00e9 ou une \u00e9cole de m\u00e9tier.<\/p>\n\n\n\n<div style=\"height:25px\" aria-hidden=\"true\" class=\"wp-block-spacer\"><\/div>\n\n\n\n<h2 class=\"wp-block-heading\"><strong><strong>Quel est le montant de la bourse d\u2019\u00e9tudes? <\/strong><\/strong><\/h2>\n\n\n\n<p>Le montant accord\u00e9 est de 3&nbsp;000&nbsp;$ par candidature retenue. Le montant est vers\u00e9 en fonds canadiens ou am\u00e9ricains, selon la r\u00e9gion du candidat.<\/p>\n\n\n\n<div style=\"height:25px\" aria-hidden=\"true\" class=\"wp-block-spacer\"><\/div>\n\n\n\n<h2 class=\"wp-block-heading\"><strong><strong>La bourse d\u2019\u00e9tudes est-elle renouvel\u00e9e chaque ann\u00e9e scolaire? <\/strong><\/strong><\/h2>\n\n\n\n<p>Les candidats peuvent soumettre une nouvelle demande et concourir chaque ann\u00e9e&nbsp;\u2013 la bourse n\u2019est pas renouvel\u00e9e et doit faire l\u2019objet d\u2019une nouvelle demande.<\/p>\n\n\n\n<div style=\"height:25px\" aria-hidden=\"true\" class=\"wp-block-spacer\"><\/div>\n\n\n\n<h2 class=\"wp-block-heading\"><strong><strong>Quand les laur\u00e9ats seront-ils connus? <\/strong><\/strong><\/h2>\n\n\n\n<p>Les demandes seront examin\u00e9es en mai et les laur\u00e9ats seront contact\u00e9s en juillet. Les candidats non retenus seront inform\u00e9s en juillet.<\/p>\n\n\n\n<div style=\"height:25px\" aria-hidden=\"true\" class=\"wp-block-spacer\"><\/div>\n\n\n\n<h2 class=\"wp-block-heading\"><strong><strong>Plusieurs personnes \u00e0 charge d\u2019une m\u00eame famille peuvent-elles faire une demande? <\/strong><\/strong><\/h2>\n\n\n\n<p>Oui. Si plusieurs personnes \u00e0 charge poursuivant des \u00e9tudes postsecondaires au sein d\u2019une m\u00eame famille r\u00e9pondent aux crit\u00e8res d\u2019admissibilit\u00e9, elles sont toutes encourag\u00e9es \u00e0 pr\u00e9senter une demande.<\/p>\n\n\n\n<div style=\"height:25px\" aria-hidden=\"true\" class=\"wp-block-spacer\"><\/div>\n\n\n\n<h2 class=\"wp-block-heading\"><strong><strong>Quelles sont les r\u00e9percussions fiscales li\u00e9es \u00e0 l\u2019obtention d\u2019une bourse d\u2019\u00e9tudes? <\/strong><\/strong><\/h2>\n\n\n\n<p>Si vous obtenez une bourse, vous n\u2019avez pas \u00e0 payer d\u2019imp\u00f4ts sur celle-ci. Les bourses d\u2019\u00e9tudes postsecondaires ne sont pas imposables.<\/p>\n\n\n\n<div style=\"height:25px\" aria-hidden=\"true\" class=\"wp-block-spacer\"><\/div>\n\n\n\n<h2 class=\"wp-block-heading\"><strong><strong>Avec qui dois-je communiquer si j\u2019ai un probl\u00e8me technique lors de la soumission de ma demande?<\/strong><\/strong><\/h2>\n\n\n\n<p>Si vous avez des questions ou \u00e9prouvez des difficult\u00e9s, veuillez communiquer avec le partenaire des\u00a0RH de votre r\u00e9gion ou \u00e9crire \u00e0 <a href=\"mailto:scholarships@blackandmcdonaldscholarships.com\" target=\"_blank\" rel=\"noreferrer noopener\">scholarships@blackandmcdonaldscholarships.com<\/a>.<\/p>\n\n\n\n<div style=\"height:25px\" aria-hidden=\"true\" class=\"wp-block-spacer\"><\/div>\n","protected":false},"excerpt":{"rendered":"<p>Comment puis-je pr\u00e9senter une demande de bourse d\u2019\u00e9tudes? Soumettez votre demande en ligne \u00e0 l\u2019adresse https:\/\/blackandmcdonaldscholarships.com\/fr\/candidature-en-ligne\/ Quelle est la date limite de pr\u00e9sentation des demandes? La date limite de pr\u00e9sentation des demandes est le 18 mai\u00a02026, \u00e0 23\u00a0h\u00a059 (HNE). Qui est admissible? La Bourse d\u2019\u00e9tudes du centenaire de Black\u00a0&amp;\u00a0McDonald est accessible \u00e0 toutes les personnes [&hellip;]<\/p>\n","protected":false},"author":9,"featured_media":0,"parent":0,"menu_order":5,"comment_status":"closed","ping_status":"closed","template":"","meta":{"inline_featured_image":false,"footnotes":""},"class_list":["post-505","page","type-page","status-publish","hentry"],"_links":{"self":[{"href":"https:\/\/blackandmcdonaldscholarships.com\/fr\/wp-json\/wp\/v2\/pages\/505","targetHints":{"allow":["GET"]}}],"collection":[{"href":"https:\/\/blackandmcdonaldscholarships.com\/fr\/wp-json\/wp\/v2\/pages"}],"about":[{"href":"https:\/\/blackandmcdonaldscholarships.com\/fr\/wp-json\/wp\/v2\/types\/page"}],"author":[{"embeddable":true,"href":"https:\/\/blackandmcdonaldscholarships.com\/fr\/wp-json\/wp\/v2\/users\/9"}],"replies":[{"embeddable":true,"href":"https:\/\/blackandmcdonaldscholarships.com\/fr\/wp-json\/wp\/v2\/comments?post=505"}],"version-history":[{"count":0,"href":"https:\/\/blackandmcdonaldscholarships.com\/fr\/wp-json\/wp\/v2\/pages\/505\/revisions"}],"wp:attachment":[{"href":"https:\/\/blackandmcdonaldscholarships.com\/fr\/wp-json\/wp\/v2\/media?parent=505"}],"curies":[{"name":"wp","href":"https:\/\/api.w.org\/{rel}","templated":true}]}}