{"id":503,"date":"2021-11-07T21:02:34","date_gmt":"2021-11-08T02:02:34","guid":{"rendered":"https:\/\/bmscholarship.wpengine.com\/?page_id=503"},"modified":"2026-04-02T11:47:55","modified_gmt":"2026-04-02T15:47:55","slug":"processus","status":"publish","type":"page","link":"https:\/\/blackandmcdonaldscholarships.com\/fr\/processus\/","title":{"rendered":"Processus\u00a0"},"content":{"rendered":"\n<div class=\"wp-block-columns alignfull no-padding is-layout-flex wp-container-core-columns-is-layout-9d6595d7 wp-block-columns-is-layout-flex\">\n<div class=\"wp-block-column is-vertically-aligned-center padded-col is-layout-flow wp-block-column-is-layout-flow\">\n<div style=\"height:20px\" aria-hidden=\"true\" class=\"wp-block-spacer\"><\/div>\n\n\n\n<h2><strong><strong>Processus<\/strong><\/strong><\/h2>\n\n\n\n<ol style=\"list-style-type:1\" class=\"wp-block-list\">\n<li>Les candidats pourront soumettre leur demande \u00e0 compter du 27 avril\u00a02026.<\/li>\n\n\n\n<li>Lorsque la p\u00e9riode de soumission sera ouverte, vous pourrez remplir le formulaire de demande en ligne dans <a href=\"https:\/\/blackandmcdonaldscholarships.com\/fr\/candidature-en-ligne\/\">notre portail<\/a>.<\/li>\n\n\n\n<li>Les formulaires de demande seront disponibles en fran\u00e7ais, en anglais et en espagnol.<\/li>\n\n\n\n<li>Si vous pr\u00e9f\u00e9rez utiliser une version imprim\u00e9e du formulaire de demande, veuillez vous adresser \u00e0 votre partenaire r\u00e9gional des&nbsp;RH.<\/li>\n\n\n\n<li>La date limite de pr\u00e9sentation des demandes est le 18 mai\u00a02026, \u00e0 23\u00a0h\u00a059 (HNE).<\/li>\n\n\n\n<li>Les demandes seront recueillies et trait\u00e9es par le service des Ressources humaines de l\u2019entreprise.<\/li>\n\n\n\n<li>Elles seront ensuite pass\u00e9es en revue par l\u2019\u00e9quipe d\u2019\u00e9valuation des bourses d\u2019\u00e9tudes, et la confirmation finale des approbations sera assur\u00e9e par le comit\u00e9 ex\u00e9cutif.<\/li>\n\n\n\n<li>Le processus d\u2019\u00e9valuation des demandes se d\u00e9roulera le\u00a026 mai at le 11 juin\u00a02026.<\/li>\n\n\n\n<li>Les candidats non retenus seront aussi inform\u00e9s en juillet. Les candidats non retenus seront aussi inform\u00e9s en juillet<\/li>\n\n\n\n<li>Les candidats retenus devront soumettre une lettre d\u2019acceptation de l\u2019\u00e9tablissement d\u2019\u00e9tudes qu\u2019ils fr\u00e9quentent avant de recevoir leur bourse.<\/li>\n\n\n\n<li>Une fois la lettre d\u2019acceptation re\u00e7ue et confirm\u00e9e, les ch\u00e8ques de bourse seront g\u00e9n\u00e9r\u00e9s par le service des Ressources humaines de l\u2019entreprise pour chaque laur\u00e9at.<\/li>\n\n\n\n<li>Les ch\u00e8ques de bourse seront distribu\u00e9s aux dirigeants r\u00e9gionaux pour \u00eatre remis en juillet.<\/li>\n<\/ol>\n\n\n\n<div class=\"wp-block-buttons is-layout-flex wp-block-buttons-is-layout-flex\">\n<div class=\"wp-block-button is-style-fill\"><a class=\"wp-block-button__link wp-element-button\" href=\"\/fr\/demande\/\">Demande<\/a><\/div>\n<\/div>\n\n\n\n<div style=\"height:80px\" aria-hidden=\"true\" class=\"wp-block-spacer\"><\/div>\n<\/div>\n\n\n\n<div class=\"wp-block-column is-layout-flow wp-block-column-is-layout-flow\">\n<figure class=\"wp-block-image size-large side-image\"><img loading=\"lazy\" decoding=\"async\" width=\"1024\" height=\"647\" src=\"https:\/\/blackandmcdonaldscholarships.com\/wp-content\/uploads\/\/BM_Scholarship-Images-01-1024x647.jpg\" alt=\"\" class=\"wp-image-633\" srcset=\"https:\/\/blackandmcdonaldscholarships.com\/wp-content\/uploads\/BM_Scholarship-Images-01-1024x647.jpg 1024w, https:\/\/blackandmcdonaldscholarships.com\/wp-content\/uploads\/BM_Scholarship-Images-01-300x189.jpg 300w, https:\/\/blackandmcdonaldscholarships.com\/wp-content\/uploads\/BM_Scholarship-Images-01-768x485.jpg 768w, https:\/\/blackandmcdonaldscholarships.com\/wp-content\/uploads\/BM_Scholarship-Images-01-1536x970.jpg 1536w, https:\/\/blackandmcdonaldscholarships.com\/wp-content\/uploads\/BM_Scholarship-Images-01-1200x758.jpg 1200w, https:\/\/blackandmcdonaldscholarships.com\/wp-content\/uploads\/BM_Scholarship-Images-01.jpg 1900w\" sizes=\"auto, (max-width: 1024px) 100vw, 1024px\" \/><\/figure>\n<\/div>\n<\/div>\n","protected":false},"excerpt":{"rendered":"<p>Processus<\/p>\n","protected":false},"author":9,"featured_media":0,"parent":0,"menu_order":2,"comment_status":"closed","ping_status":"closed","template":"","meta":{"inline_featured_image":false,"footnotes":""},"class_list":["post-503","page","type-page","status-publish","hentry"],"_links":{"self":[{"href":"https:\/\/blackandmcdonaldscholarships.com\/fr\/wp-json\/wp\/v2\/pages\/503","targetHints":{"allow":["GET"]}}],"collection":[{"href":"https:\/\/blackandmcdonaldscholarships.com\/fr\/wp-json\/wp\/v2\/pages"}],"about":[{"href":"https:\/\/blackandmcdonaldscholarships.com\/fr\/wp-json\/wp\/v2\/types\/page"}],"author":[{"embeddable":true,"href":"https:\/\/blackandmcdonaldscholarships.com\/fr\/wp-json\/wp\/v2\/users\/9"}],"replies":[{"embeddable":true,"href":"https:\/\/blackandmcdonaldscholarships.com\/fr\/wp-json\/wp\/v2\/comments?post=503"}],"version-history":[{"count":0,"href":"https:\/\/blackandmcdonaldscholarships.com\/fr\/wp-json\/wp\/v2\/pages\/503\/revisions"}],"wp:attachment":[{"href":"https:\/\/blackandmcdonaldscholarships.com\/fr\/wp-json\/wp\/v2\/media?parent=503"}],"curies":[{"name":"wp","href":"https:\/\/api.w.org\/{rel}","templated":true}]}}