{"id":501,"date":"2021-11-07T21:00:35","date_gmt":"2021-11-08T02:00:35","guid":{"rendered":"https:\/\/bmscholarship.wpengine.com\/?page_id=501"},"modified":"2026-04-02T11:46:49","modified_gmt":"2026-04-02T15:46:49","slug":"admissibilite","status":"publish","type":"page","link":"https:\/\/blackandmcdonaldscholarships.com\/fr\/admissibilite\/","title":{"rendered":"Admissibilit\u00e9\u00a0"},"content":{"rendered":"\n<div class=\"wp-block-columns alignfull no-padding is-layout-flex wp-container-core-columns-is-layout-9d6595d7 wp-block-columns-is-layout-flex\">\n<div class=\"wp-block-column no-margin is-layout-flow wp-block-column-is-layout-flow\">\n<figure class=\"wp-block-image size-large side-image full-height\"><img loading=\"lazy\" decoding=\"async\" width=\"1024\" height=\"647\" src=\"https:\/\/blackandmcdonaldscholarships.com\/wp-content\/uploads\/\/BM_Scholarship-Images-07-1024x647.jpg\" alt=\"\" class=\"wp-image-645\" srcset=\"https:\/\/blackandmcdonaldscholarships.com\/wp-content\/uploads\/BM_Scholarship-Images-07-1024x647.jpg 1024w, https:\/\/blackandmcdonaldscholarships.com\/wp-content\/uploads\/BM_Scholarship-Images-07-300x189.jpg 300w, https:\/\/blackandmcdonaldscholarships.com\/wp-content\/uploads\/BM_Scholarship-Images-07-768x485.jpg 768w, https:\/\/blackandmcdonaldscholarships.com\/wp-content\/uploads\/BM_Scholarship-Images-07-1536x970.jpg 1536w, https:\/\/blackandmcdonaldscholarships.com\/wp-content\/uploads\/BM_Scholarship-Images-07-1200x758.jpg 1200w, https:\/\/blackandmcdonaldscholarships.com\/wp-content\/uploads\/BM_Scholarship-Images-07.jpg 1900w\" sizes=\"auto, (max-width: 1024px) 100vw, 1024px\" \/><\/figure>\n<\/div>\n\n\n\n<div class=\"wp-block-column no-margin padded-col is-layout-flow wp-block-column-is-layout-flow\">\n<div style=\"height:50px\" aria-hidden=\"true\" class=\"wp-block-spacer\"><\/div>\n\n\n\n<h2 class=\"wp-block-heading\"><strong>Admissibilit\u00e9&nbsp;<\/strong><\/h2>\n\n\n\n<ol style=\"list-style-type:1\" class=\"wp-block-list\">\n<li>Toutes les personnes \u00e0 charge des employ\u00e9s \u00e0 temps plein, y compris les personnes \u00e0 charge des employ\u00e9s salari\u00e9s et horaires \u00e0 temps plein, sont admissibles \u00e0 la Bourse d\u2019\u00e9tudes du centenaire de Black&nbsp;&amp;&nbsp;McDonald.<\/li>\n\n\n\n<li>Les personnes \u00e0 charge comprennent tout enfant biologique, adopt\u00e9 l\u00e9galement, par alliance ou dont l\u2019employ\u00e9 est le tuteur l\u00e9gal.<\/li>\n\n\n\n<li>Le candidat doit \u00eatre inscrit \u00e0 temps plein dans un programme accr\u00e9dit\u00e9 d\u2019une dur\u00e9e de deux ou quatre ans dans un coll\u00e8ge, une universit\u00e9 ou une \u00e9cole de m\u00e9tier.<\/li>\n\n\n\n<li>Le candidat doit \u00eatre \u00e2g\u00e9 de 25&nbsp;ans ou moins au moment de la date limite de pr\u00e9sentation des demandes.<\/li>\n\n\n\n<li>Le parent ou tuteur l\u00e9gal du candidat doit \u00eatre un employ\u00e9 actif de B&amp;M au moment de l\u2019attribution de la bourse.<\/li>\n\n\n\n<li>Le parent ou tuteur l\u00e9gal du candidat doit \u00eatre un employ\u00e9 pay\u00e9 directement par B&amp;M. Les employ\u00e9s contractuels ne sont pas admissibles.<\/li>\n\n\n\n<li>Le parent ou tuteur l\u00e9gal du candidat doit \u00eatre employ\u00e9 par B&amp;M depuis au moins un an \u00e0 compter du 27 avril\u00a02026.<\/li>\n\n\n\n<li>Les candidats doivent soumettre une nouvelle demande et concourir chaque ann\u00e9e pour la bourse d\u2019\u00e9tudes. La bourse n\u2019est pas renouvel\u00e9e.<\/li>\n<\/ol>\n\n\n\n<div class=\"wp-block-buttons is-layout-flex wp-block-buttons-is-layout-flex\">\n<div class=\"wp-block-button is-style-fill\"><a class=\"wp-block-button__link wp-element-button\" href=\"https:\/\/blackandmcdonaldscholarships.com\/fr\/processus\/\">pROCESSUS<\/a><\/div>\n<\/div>\n\n\n\n<div style=\"height:50px\" aria-hidden=\"true\" class=\"wp-block-spacer\"><\/div>\n\n\n\n<div style=\"height:10px\" aria-hidden=\"true\" class=\"wp-block-spacer\"><\/div>\n<\/div>\n<\/div>\n","protected":false},"excerpt":{"rendered":"<p>Admissibilit\u00e9&nbsp;<\/p>\n","protected":false},"author":9,"featured_media":0,"parent":0,"menu_order":1,"comment_status":"closed","ping_status":"closed","template":"","meta":{"inline_featured_image":false,"footnotes":""},"class_list":["post-501","page","type-page","status-publish","hentry"],"_links":{"self":[{"href":"https:\/\/blackandmcdonaldscholarships.com\/fr\/wp-json\/wp\/v2\/pages\/501","targetHints":{"allow":["GET"]}}],"collection":[{"href":"https:\/\/blackandmcdonaldscholarships.com\/fr\/wp-json\/wp\/v2\/pages"}],"about":[{"href":"https:\/\/blackandmcdonaldscholarships.com\/fr\/wp-json\/wp\/v2\/types\/page"}],"author":[{"embeddable":true,"href":"https:\/\/blackandmcdonaldscholarships.com\/fr\/wp-json\/wp\/v2\/users\/9"}],"replies":[{"embeddable":true,"href":"https:\/\/blackandmcdonaldscholarships.com\/fr\/wp-json\/wp\/v2\/comments?post=501"}],"version-history":[{"count":0,"href":"https:\/\/blackandmcdonaldscholarships.com\/fr\/wp-json\/wp\/v2\/pages\/501\/revisions"}],"wp:attachment":[{"href":"https:\/\/blackandmcdonaldscholarships.com\/fr\/wp-json\/wp\/v2\/media?parent=501"}],"curies":[{"name":"wp","href":"https:\/\/api.w.org\/{rel}","templated":true}]}}