{"id":1728,"date":"2025-01-09T15:03:43","date_gmt":"2025-01-09T20:03:43","guid":{"rendered":"https:\/\/bmscholarstg.wpengine.com\/?page_id=1728"},"modified":"2025-01-13T16:50:17","modified_gmt":"2025-01-13T21:50:17","slug":"politique-en-matiere-de-temoins","status":"publish","type":"page","link":"https:\/\/blackandmcdonaldscholarships.com\/fr\/politique-en-matiere-de-temoins\/","title":{"rendered":"Politique en mati\u00e8re de t\u00e9moins"},"content":{"rendered":"\n<div id=\"cmplz-document\" class=\"cmplz-document cookie-statement cmplz-document-ca\"><p class=\"MsoNormal\"><i><span lang=\"FR-CA\">Cette\npage a \u00e9t\u00e9 modifi\u00e9e et v\u00e9rifi\u00e9e pour la derni\u00e8re fois le 21&nbsp;<\/span>septembre<span lang=\"FR-CA\">&nbsp;2024 et s\u2019applique aux citoyens et aux r\u00e9sidents permanents l\u00e9gaux du Canada.<\/span><\/i><\/p><h2>1. Introduction<\/h2><p>Notre site Web,&nbsp;&nbsp;<a href=\"https:\/\/blackandmcdonaldscholarships.com\">https:\/\/blackandmcdonaldscholarships.com<\/a>&nbsp;(ci-apr\u00e8s, \u00ab le site Web \u00bb), utilise des t\u00e9moins et d\u2019autres technologies connexes (par simplification, toutes ces technologies sont d\u00e9sign\u00e9es par le terme \u00ab t\u00e9moins \u00bb). Des t\u00e9moins sont \u00e9galement plac\u00e9s par de tierces parties que nous avons engag\u00e9es. Dans le document ci-dessous, nous vous informons de l\u2019utilisation des t\u00e9moins sur notre site Web.<\/p><h2>2. Que sont les t\u00e9moins?<\/h2><p>Un t\u00e9moin est un petit fichier simple envoy\u00e9 avec les pages de ce site Web et stock\u00e9 par votre navigateur sur le disque dur de votre ordinateur ou d\u2019un autre appareil. Les informations qui y sont stock\u00e9es peuvent \u00eatre renvoy\u00e9es \u00e0 nos serveurs ou aux serveurs des tierces parties concern\u00e9es lors d\u2019une visite ult\u00e9rieure.<\/p><h2>3. Que sont les scripts?<\/h2><p>Un script est un \u00e9l\u00e9ment de code utilis\u00e9 pour que notre site Web fonctionne correctement et de mani\u00e8re interactive. Ce code est ex\u00e9cut\u00e9 sur notre serveur ou sur votre appareil.<\/p><h2>4. Qu\u2019est-ce qu\u2019une balise Web?<\/h2><p class=\"MsoNormal\"><b><span lang=\"FR-CA\"><\/span><\/b><\/p><p>Une balise Web (ou pixel espion) est un petit morceau de texte ou d\u2019image invisible sur un site Web, utilis\u00e9 pour suivre le trafic sur un site Web. Pour ce faire, diverses donn\u00e9es vous concernant sont stock\u00e9es \u00e0 l\u2019aide de balises Web.<\/p><h2>5. Tierces parties<\/h2><p>Nous avons pass\u00e9 des accords \u00e0 propos de l\u2019utilisation des t\u00e9moins avec d\u2019autres entreprises pla\u00e7ant des t\u00e9moins. Cependant, nous ne pouvons garantir que ces tierces parties g\u00e8rent vos donn\u00e9es personnelles de mani\u00e8re fiable ou s\u00e9curis\u00e9e. Certaines parties telles que Google doivent \u00eatre consid\u00e9r\u00e9es comme des responsables de traitement des donn\u00e9es ind\u00e9pendants. Nous vous recommandons de lire les d\u00e9clarations de confidentialit\u00e9 de ces entreprises.<\/p><h2>6. T\u00e9moins<\/h2><p class=\"cmplz-subtitle\">6.1 T\u00e9moins techniques ou fonctionnels<\/p><p>Certains t\u00e9moins assurent le bon fonctionnement de certaines parties du site Web et la prise en compte de vos pr\u00e9f\u00e9rences en tant qu\u2019utilisateur. En pla\u00e7ant des t\u00e9moins fonctionnels, nous vous facilitons la visite de notre site Web. Ainsi, vous n\u2019avez pas besoin de saisir \u00e0 plusieurs reprises les m\u00eames informations lorsque vous visitez notre site Web; par exemple, les \u00e9l\u00e9ments restent dans votre panier jusqu\u2019\u00e0 votre paiement.<\/p><p class=\"cmplz-subtitle\">6.2 T\u00e9moins statistiques<\/p><p>Nous utilisons des t\u00e9moins statistiques afin d\u2019optimiser l\u2019exp\u00e9rience des internautes sur notre site Web. Avec ces t\u00e9moins statistiques, nous obtenons des informations sur l\u2019utilisation de notre site Web.<\/p><p class=\"cmplz-subtitle\">6.3 T\u00e9moins de marketing\/suivi<\/p><p>Les t\u00e9moins de marketing\/suivi sont des t\u00e9moins ou toute autre forme de stockage local, utilis\u00e9s pour cr\u00e9er des profils d\u2019utilisateurs afin d\u2019afficher de la publicit\u00e9 ou de suivre l\u2019utilisateur sur ce site Web ou sur plusieurs sites Web \u00e0 des fins marketing similaires.&nbsp;<\/p><h2>7.&nbsp;Consentement<\/h2><p>Lors de votre premi\u00e8re visite sur notre site Web, une fen\u00eatre contextuelle contenant une explication sur les t\u00e9moins appara\u00eet. D\u00e8s que vous cliquez sur \u00ab Accepter \u00bb, vous consentez \u00e0 ce que nous utilisions tous les t\u00e9moins et modules d\u2019extension d\u00e9crits dans la fen\u00eatre contextuelle et dans la pr\u00e9sente politique.&nbsp;<\/p><p>Vous pouvez d\u00e9sactiver l\u2019utilisation des t\u00e9moins dans votre navigateur, mais veuillez noter que notre site Web pourrait ne plus fonctionner correctement.<\/p><p class=\"cmplz-subtitle\">7.1 Gestion des r\u00e9glages de consentement<\/p><div id=\"cmplz-manage-consent-container-nojavascript\">You have loaded the Cookie Policy without javascript support.&nbsp;On AMP, you can use the manage consent button on the bottom of the page.<\/div><div id=\"cmplz-manage-consent-container\" name=\"cmplz-manage-consent-container\" class=\"cmplz-manage-consent-container\"><\/div><p>Vous pouvez \u00e9galement d\u00e9sactiver l\u2019utilisation des t\u00e9moins dans votre navigateur, mais veuillez noter que notre site Web pourrait ne plus fonctionner correctement.<\/p><h2>8. Activation\/d\u00e9sactivation et suppression des t\u00e9moins<\/h2><p>Vous pouvez utiliser votre navigateur Internet pour supprimer automatiquement ou manuellement des t\u00e9moins. Vous pouvez \u00e9galement pr\u00e9ciser que certains t\u00e9moins ne doivent pas \u00eatre plac\u00e9s. Une autre option est de modifier les r\u00e9glages de votre navigateur Internet afin de recevoir un message chaque fois qu\u2019un t\u00e9moin est plac\u00e9. Pour en savoir davantage sur ces options, veuillez vous r\u00e9f\u00e9rer aux instructions de la section Aide de votre navigateur. Vous pouvez \u00e9galement indiquer vos pr\u00e9f\u00e9rences sur la page suivante : youradchoices.ca\/fr.<\/p><p>Veuillez noter que notre site Web peut ne pas fonctionner correctement si tous les t\u00e9moins sont d\u00e9sactiv\u00e9s. Si vous supprimez les t\u00e9moins dans votre navigateur, ils seront \u00e0 nouveau plac\u00e9s apr\u00e8s votre consentement lors de votre prochaine visite sur notre site Web.<\/p><h2>9. Vos droits concernant les donn\u00e9es personnelles<\/h2><p>Vous avez les droits suivants en ce qui concerne vos donn\u00e9es personnelles :<\/p><ul>\n                <li>Vous pouvez envoyer une demande d\u2019acc\u00e8s aux donn\u00e9es vous concernant que nous traitons;<\/li>\n                <li>Vous pouvez vous opposer au traitement;<\/li>\n                <li>Vous pouvez demander une vue d\u2019ensemble, dans un format couramment utilis\u00e9, des donn\u00e9es que nous traitons \u00e0 votre sujet;<\/li>\n                <li>Vous pouvez demander la correction ou la suppression des donn\u00e9es si elles sont incorrectes ou si elles ne sont plus d\u2019actualit\u00e9. S\u2019il y a lieu, les informations modifi\u00e9es seront transmises \u00e0 de tierces parties ayant acc\u00e8s aux informations en question.<\/li>\n                <li>Vous avez le droit de retirer votre consentement \u00e0 tout moment, sous r\u00e9serve de restrictions l\u00e9gales ou contractuelles et d\u2019un pr\u00e9avis raisonnable. Vous serez inform\u00e9(e) des cons\u00e9quences d\u2019un tel retrait.<\/li>\n                <li>Vous avez le droit d\u2019adresser \u00e0 notre organisation une objection concernant tout non-respect de la Loi sur la protection des renseignements personnels et les documents \u00e9lectroniques (LPRPDE) et, si le probl\u00e8me n\u2019est pas r\u00e9solu, au Commissariat \u00e0 la protection de la vie priv\u00e9e du Canada.<\/li>\n            <\/ul><p>Pour exercer ces droits, veuillez nous contacter. Veuillez vous r\u00e9f\u00e9rer aux coordonn\u00e9es au bas de la pr\u00e9sente politique. Si vous avez une plainte concernant la fa\u00e7on dont nous traitons vos donn\u00e9es, nous aimerions en \u00eatre inform\u00e9s.<\/p><h2>10. Coordonn\u00e9es<\/h2><p>Pour toute question ou tout commentaire concernant notre politique en mati\u00e8re de t\u00e9moins et la pr\u00e9sente d\u00e9claration, veuillez nous contacter en utilisant les coordonn\u00e9es suivantes :<\/p><p><span class=\"cmplz-contact-organisation\">Black &amp; McDonald Scholarships<\/span><br>\n                    <span class=\"cmplz-contact-address\">75 Commerce Valley Drive East, Markham, ON, L3T 7N9<\/span><br>\n                    <span class=\"cmplz-contact-country\">Canada<\/span><br>\n                    Website: <span class=\"cmplz-contact-domain\"><a href=\"https:\/\/blackandmcdonaldscholarships.com\">https:\/\/blackandmcdonaldscholarships.com<\/a><\/span><br>\n                    Email:  <span class=\"cmplz-contact-email\">info@blackandmcdonald.com<\/span><br>\n                    <span class=\"cmplz-contact-telephone\"><\/span><\/p><p>Cette politique en mati\u00e8re de t\u00e9moins a \u00e9t\u00e9 synchronis\u00e9e avec&nbsp;<a style=\"--tw-border-spacing-x: 0; --tw-border-spacing-y: 0; --tw-translate-x: 0; --tw-translate-y: 0; --tw-rotate: 0; --tw-skew-x: 0; --tw-skew-y: 0; --tw-scale-x: 1; --tw-scale-y: 1; --tw-pan-x: ; --tw-pan-y: ; --tw-pinch-zoom: ; --tw-scroll-snap-strictness: proximity; --tw-gradient-from-position: ; --tw-gradient-via-position: ; --tw-gradient-to-position: ; --tw-ordinal: ; --tw-slashed-zero: ; --tw-numeric-figure: ; --tw-numeric-spacing: ; --tw-numeric-fraction: ; --tw-ring-inset: ; --tw-ring-offset-width: 0px; --tw-ring-offset-color: #fff; --tw-ring-color: rgb(59 130 246 \/ .5); --tw-ring-offset-shadow: 0 0 #0000; --tw-ring-shadow: 0 0 #0000; --tw-shadow: 0 0 #0000; --tw-shadow-colored: 0 0 #0000; --tw-blur: ; --tw-brightness: ; --tw-contrast: ; --tw-grayscale: ; --tw-hue-rotate: ; --tw-invert: ; --tw-saturate: ; --tw-sepia: ; --tw-drop-shadow: ; --tw-backdrop-blur: ; --tw-backdrop-brightness: ; --tw-backdrop-contrast: ; --tw-backdrop-grayscale: ; --tw-backdrop-hue-rotate: ; --tw-backdrop-invert: ; --tw-backdrop-opacity: ; --tw-backdrop-saturate: ; --tw-backdrop-sepia: ; transition-duration: 0.15s; transition-timing-function: linear; transition-property: all; box-sizing: inherit; -webkit-font-smoothing: antialiased; word-break: break-word; overflow-wrap: break-word; font-family: Inter;\" href=\"https:\/\/cookiedatabase.org\/\">cookiedatabase.org<\/a>&nbsp;le 9 janvier 2025.&nbsp;<\/p><\/div>","protected":false},"excerpt":{"rendered":"","protected":false},"author":13,"featured_media":0,"parent":0,"menu_order":0,"comment_status":"closed","ping_status":"closed","template":"","meta":{"inline_featured_image":false,"footnotes":""},"class_list":["post-1728","page","type-page","status-publish","hentry"],"_links":{"self":[{"href":"https:\/\/blackandmcdonaldscholarships.com\/fr\/wp-json\/wp\/v2\/pages\/1728","targetHints":{"allow":["GET"]}}],"collection":[{"href":"https:\/\/blackandmcdonaldscholarships.com\/fr\/wp-json\/wp\/v2\/pages"}],"about":[{"href":"https:\/\/blackandmcdonaldscholarships.com\/fr\/wp-json\/wp\/v2\/types\/page"}],"author":[{"embeddable":true,"href":"https:\/\/blackandmcdonaldscholarships.com\/fr\/wp-json\/wp\/v2\/users\/13"}],"replies":[{"embeddable":true,"href":"https:\/\/blackandmcdonaldscholarships.com\/fr\/wp-json\/wp\/v2\/comments?post=1728"}],"version-history":[{"count":0,"href":"https:\/\/blackandmcdonaldscholarships.com\/fr\/wp-json\/wp\/v2\/pages\/1728\/revisions"}],"wp:attachment":[{"href":"https:\/\/blackandmcdonaldscholarships.com\/fr\/wp-json\/wp\/v2\/media?parent=1728"}],"curies":[{"name":"wp","href":"https:\/\/api.w.org\/{rel}","templated":true}]}}